{"id":40,"date":"2013-11-15T05:21:04","date_gmt":"2013-11-15T10:21:04","guid":{"rendered":"http:\/\/www.coracommunication.com\/?page_id=40"},"modified":"2022-06-08T08:08:05","modified_gmt":"2022-06-08T08:08:05","slug":"ozgecmis-formu","status":"publish","type":"page","link":"https:\/\/coracommunication.com\/2\/tr\/kariyer\/ozgecmis-formu\/","title":{"rendered":"\u00d6zge\u00e7mi\u015f Formu"},"content":{"rendered":"<p>\u00d6zge\u00e7mi\u015f bilgilerinizi Microsoft Word format\u0131nda<br \/>\n<a href=\"mailto:kamuran.gulcen@coracommunication.com\">kamuran.gulcen@coracommunication.com<\/a> adresine g\u00f6nderebilirsiniz.<\/p>\n","protected":false},"excerpt":{"rendered":"<p>\u00d6zge\u00e7mi\u015f bilgilerinizi Microsoft Word format\u0131nda kamuran.gulcen@coracommunication.com adresine g\u00f6nderebilirsiniz.<\/p>\n","protected":false},"author":1,"featured_media":0,"parent":1596,"menu_order":0,"comment_status":"closed","ping_status":"closed","template":"","meta":{"footnotes":""},"class_list":["post-40","page","type-page","status-publish","hentry"],"_links":{"self":[{"href":"https:\/\/coracommunication.com\/2\/wp-json\/wp\/v2\/pages\/40","targetHints":{"allow":["GET"]}}],"collection":[{"href":"https:\/\/coracommunication.com\/2\/wp-json\/wp\/v2\/pages"}],"about":[{"href":"https:\/\/coracommunication.com\/2\/wp-json\/wp\/v2\/types\/page"}],"author":[{"embeddable":true,"href":"https:\/\/coracommunication.com\/2\/wp-json\/wp\/v2\/users\/1"}],"replies":[{"embeddable":true,"href":"https:\/\/coracommunication.com\/2\/wp-json\/wp\/v2\/comments?post=40"}],"version-history":[{"count":1,"href":"https:\/\/coracommunication.com\/2\/wp-json\/wp\/v2\/pages\/40\/revisions"}],"predecessor-version":[{"id":1625,"href":"https:\/\/coracommunication.com\/2\/wp-json\/wp\/v2\/pages\/40\/revisions\/1625"}],"up":[{"embeddable":true,"href":"https:\/\/coracommunication.com\/2\/wp-json\/wp\/v2\/pages\/1596"}],"wp:attachment":[{"href":"https:\/\/coracommunication.com\/2\/wp-json\/wp\/v2\/media?parent=40"}],"curies":[{"name":"wp","href":"https:\/\/api.w.org\/{rel}","templated":true}]}}