{"id":30,"date":"2013-11-15T05:19:06","date_gmt":"2013-11-15T10:19:06","guid":{"rendered":"http:\/\/www.coracommunication.com\/?page_id=30"},"modified":"2022-12-02T10:04:30","modified_gmt":"2022-12-02T10:04:30","slug":"kurumsal-yayincilik","status":"publish","type":"page","link":"https:\/\/coracommunication.com\/2\/tr\/yetkinlikler\/kurumsal-yayincilik\/","title":{"rendered":"Kurumsal Yay\u0131nc\u0131l\u0131k"},"content":{"rendered":"<p>Kurumunuzun mesajlar\u0131n\u0131 iletmek \u00fczere kendi mecran\u0131z\u0131 olu\u015fturmaya ne dersiniz?<\/p>\n<p>Bir\u00e7ok a\u00e7\u0131dan kurumsal yay\u0131nlar en etkili ve hesapl\u0131 ileti\u015fim ara\u00e7lar\u0131d\u0131r.<br \/>\nTecr\u00fcbeli i\u00e7erik y\u00f6neticilerinden olu\u015fturdu\u011fumuz yay\u0131n ekibi ile sorunsuz, etkin bir yay\u0131n\u0131 ad\u0131n\u0131za y\u00f6netiyoruz.<\/p>\n","protected":false},"excerpt":{"rendered":"<p>Kurumunuzun mesajlar\u0131n\u0131 iletmek \u00fczere kendi mecran\u0131z\u0131 olu\u015fturmaya ne dersiniz? Bir\u00e7ok a\u00e7\u0131dan kurumsal yay\u0131nlar en etkili ve hesapl\u0131 ileti\u015fim ara\u00e7lar\u0131d\u0131r. Tecr\u00fcbeli i\u00e7erik y\u00f6neticilerinden olu\u015fturdu\u011fumuz yay\u0131n ekibi ile sorunsuz, etkin bir yay\u0131n\u0131 &#8230;<\/p>\n","protected":false},"author":1,"featured_media":0,"parent":1593,"menu_order":3,"comment_status":"closed","ping_status":"closed","template":"","meta":{"footnotes":""},"class_list":["post-30","page","type-page","status-publish","hentry"],"_links":{"self":[{"href":"https:\/\/coracommunication.com\/2\/wp-json\/wp\/v2\/pages\/30","targetHints":{"allow":["GET"]}}],"collection":[{"href":"https:\/\/coracommunication.com\/2\/wp-json\/wp\/v2\/pages"}],"about":[{"href":"https:\/\/coracommunication.com\/2\/wp-json\/wp\/v2\/types\/page"}],"author":[{"embeddable":true,"href":"https:\/\/coracommunication.com\/2\/wp-json\/wp\/v2\/users\/1"}],"replies":[{"embeddable":true,"href":"https:\/\/coracommunication.com\/2\/wp-json\/wp\/v2\/comments?post=30"}],"version-history":[{"count":2,"href":"https:\/\/coracommunication.com\/2\/wp-json\/wp\/v2\/pages\/30\/revisions"}],"predecessor-version":[{"id":1756,"href":"https:\/\/coracommunication.com\/2\/wp-json\/wp\/v2\/pages\/30\/revisions\/1756"}],"up":[{"embeddable":true,"href":"https:\/\/coracommunication.com\/2\/wp-json\/wp\/v2\/pages\/1593"}],"wp:attachment":[{"href":"https:\/\/coracommunication.com\/2\/wp-json\/wp\/v2\/media?parent=30"}],"curies":[{"name":"wp","href":"https:\/\/api.w.org\/{rel}","templated":true}]}}