{"id":28,"date":"2013-11-15T05:18:45","date_gmt":"2013-11-15T10:18:45","guid":{"rendered":"http:\/\/www.coracommunication.com\/?page_id=28"},"modified":"2022-06-08T07:48:46","modified_gmt":"2022-06-08T07:48:46","slug":"gorsel-iletisim-ve-tasarim","status":"publish","type":"page","link":"https:\/\/coracommunication.com\/2\/tr\/yetkinlikler\/gorsel-iletisim-ve-tasarim\/","title":{"rendered":"G\u00f6rsel \u0130leti\u015fim ve Tasar\u0131m"},"content":{"rendered":"<p>Kurumunuzun i\u015f hedeflerine y\u00f6nelik ihtiya\u00e7 duydu\u011funuz g\u00f6rsel \u00f6\u011feleri tespit ediyoruz. Bu ba\u011flamda olu\u015fturdu\u011fumuz \u00dc\u00e7 Boyutlu Entegre \u0130leti\u015fim Program\u0131 \u00e7er\u00e7evesinde; kurum kimli\u011fi, tan\u0131t\u0131c\u0131 evraklar, tan\u0131t\u0131m filmleri, B2B veya B2C kampanyalar ve dijital mecralarda kullanaca\u011f\u0131n\u0131z g\u00f6rsel \u00f6nerilerimizi sunuyoruz.<\/p>\n","protected":false},"excerpt":{"rendered":"<p>Kurumunuzun i\u015f hedeflerine y\u00f6nelik ihtiya\u00e7 duydu\u011funuz g\u00f6rsel \u00f6\u011feleri tespit ediyoruz. Bu ba\u011flamda olu\u015fturdu\u011fumuz \u00dc\u00e7 Boyutlu Entegre \u0130leti\u015fim Program\u0131 \u00e7er\u00e7evesinde; kurum kimli\u011fi, tan\u0131t\u0131c\u0131 evraklar, tan\u0131t\u0131m filmleri, B2B veya B2C kampanyalar ve &#8230;<\/p>\n","protected":false},"author":1,"featured_media":0,"parent":1593,"menu_order":8,"comment_status":"closed","ping_status":"closed","template":"","meta":{"footnotes":""},"class_list":["post-28","page","type-page","status-publish","hentry"],"_links":{"self":[{"href":"https:\/\/coracommunication.com\/2\/wp-json\/wp\/v2\/pages\/28","targetHints":{"allow":["GET"]}}],"collection":[{"href":"https:\/\/coracommunication.com\/2\/wp-json\/wp\/v2\/pages"}],"about":[{"href":"https:\/\/coracommunication.com\/2\/wp-json\/wp\/v2\/types\/page"}],"author":[{"embeddable":true,"href":"https:\/\/coracommunication.com\/2\/wp-json\/wp\/v2\/users\/1"}],"replies":[{"embeddable":true,"href":"https:\/\/coracommunication.com\/2\/wp-json\/wp\/v2\/comments?post=28"}],"version-history":[{"count":1,"href":"https:\/\/coracommunication.com\/2\/wp-json\/wp\/v2\/pages\/28\/revisions"}],"predecessor-version":[{"id":1608,"href":"https:\/\/coracommunication.com\/2\/wp-json\/wp\/v2\/pages\/28\/revisions\/1608"}],"up":[{"embeddable":true,"href":"https:\/\/coracommunication.com\/2\/wp-json\/wp\/v2\/pages\/1593"}],"wp:attachment":[{"href":"https:\/\/coracommunication.com\/2\/wp-json\/wp\/v2\/media?parent=28"}],"curies":[{"name":"wp","href":"https:\/\/api.w.org\/{rel}","templated":true}]}}