{"id":24,"date":"2016-02-12T08:13:06","date_gmt":"2016-02-12T08:13:06","guid":{"rendered":"http:\/\/demos.famethemes.com\/onepress\/?page_id=24"},"modified":"2022-10-08T05:56:37","modified_gmt":"2022-10-08T05:56:37","slug":"service-title-2","status":"publish","type":"page","link":"https:\/\/coracommunication.com\/2\/tr\/service-title-2\/","title":{"rendered":"Medya E\u011fitimi"},"content":{"rendered":"\n<p>Her bir c\u00fcmle ve tavr\u0131m\u0131z ile kurumumuz ad\u0131na bir mesaj iletiyoruz. Kurumsal konumlanma ve iletilen mesaj\u0131n tutarl\u0131 olmas\u0131, sosyal payda\u015flar\u0131m\u0131z\u0131n nezdinde yaratt\u0131\u011f\u0131m\u0131z itibar\u0131n olu\u015fumunda \u00e7ok \u00f6nemli bir yer tutmaktad\u0131r. Kurum s\u00f6zc\u00fcs\u00fcn\u00fcn medya mensuplar\u0131 ile olu\u015fturdu\u011fu ileti\u015fimin i\u015f hedeflerine uyumlu olmas\u0131n\u0131 sa\u011flamak \u00fczere medya e\u011fitimi ka\u00e7\u0131n\u0131lmaz hale gelmi\u015ftir.<\/p>\n\n\n\n<p>Bu kapsamda olu\u015fturulan medya e\u011fitiminin teorik b\u00f6l\u00fcm\u00fcnde kurumunuzun i\u015f hedeflerine uygun duru\u015funuzu ifade ediyoruz. T\u00fcrkiye\u2019den ve d\u00fcnyadan verdi\u011fimiz \u00e7ok say\u0131da \u00f6rnek ile sizin i\u00e7in en uyumlu konumlanman\u0131n \u00fczerinde \u00e7al\u0131\u015f\u0131yoruz. Ayr\u0131ca, medya mensuplar\u0131n\u0131n beklentileri, T\u00fcrkiye\u2019deki medya yap\u0131s\u0131, haberin olu\u015fturulmas\u0131ndaki safhalar\u0131 aktar\u0131yoruz.<\/p>\n\n\n\n<p>E\u011fitimin ikinci yar\u0131s\u0131nda ise ger\u00e7ek bir haber st\u00fcdyosu ortam\u0131 kuruyoruz. Tecr\u00fcbeli bir gazetecinin y\u00f6neltti\u011fi sorular ile medya sim\u00fclasyonu yap\u0131yoruz. Kurumunuzu ve sekt\u00f6r\u00fcn\u00fcz\u00fc derinlemesine inceleyerek, size \u00f6zel g\u00fcncel &#8220;ger\u00e7ek&#8221; soru bankas\u0131 olu\u015fturuyoruz.<\/p>\n","protected":false},"excerpt":{"rendered":"<p>Her bir c\u00fcmle ve tavr\u0131m\u0131z ile kurumumuz ad\u0131na bir mesaj iletiyoruz. Kurumsal konumlanma ve iletilen mesaj\u0131n tutarl\u0131 olmas\u0131, sosyal payda\u015flar\u0131m\u0131z\u0131n nezdinde yaratt\u0131\u011f\u0131m\u0131z itibar\u0131n olu\u015fumunda \u00e7ok \u00f6nemli bir yer tutmaktad\u0131r. Kurum s\u00f6zc\u00fcs\u00fcn\u00fcn medya mensuplar\u0131 ile olu\u015fturdu\u011fu ileti\u015fimin i\u015f hedeflerine uyumlu olmas\u0131n\u0131 sa\u011flamak \u00fczere medya e\u011fitimi ka\u00e7\u0131n\u0131lmaz hale gelmi\u015ftir. (devam\u0131)<\/p>\n","protected":false},"author":1,"featured_media":0,"parent":0,"menu_order":0,"comment_status":"closed","ping_status":"closed","template":"","meta":{"footnotes":""},"class_list":["post-24","page","type-page","status-publish","hentry"],"_links":{"self":[{"href":"https:\/\/coracommunication.com\/2\/wp-json\/wp\/v2\/pages\/24","targetHints":{"allow":["GET"]}}],"collection":[{"href":"https:\/\/coracommunication.com\/2\/wp-json\/wp\/v2\/pages"}],"about":[{"href":"https:\/\/coracommunication.com\/2\/wp-json\/wp\/v2\/types\/page"}],"author":[{"embeddable":true,"href":"https:\/\/coracommunication.com\/2\/wp-json\/wp\/v2\/users\/1"}],"replies":[{"embeddable":true,"href":"https:\/\/coracommunication.com\/2\/wp-json\/wp\/v2\/comments?post=24"}],"version-history":[{"count":4,"href":"https:\/\/coracommunication.com\/2\/wp-json\/wp\/v2\/pages\/24\/revisions"}],"predecessor-version":[{"id":1730,"href":"https:\/\/coracommunication.com\/2\/wp-json\/wp\/v2\/pages\/24\/revisions\/1730"}],"wp:attachment":[{"href":"https:\/\/coracommunication.com\/2\/wp-json\/wp\/v2\/media?parent=24"}],"curies":[{"name":"wp","href":"https:\/\/api.w.org\/{rel}","templated":true}]}}