{"id":1635,"date":"2022-06-08T08:21:39","date_gmt":"2022-06-08T08:21:39","guid":{"rendered":"https:\/\/coracommunication.com\/2\/?page_id=1635"},"modified":"2022-12-02T10:08:02","modified_gmt":"2022-12-02T10:08:02","slug":"toplam-kalite-ve-iletisim","status":"publish","type":"page","link":"https:\/\/coracommunication.com\/2\/tr\/hakkimizda\/toplam-kalite-ve-iletisim\/","title":{"rendered":"Toplam Kalite ve \u0130leti\u015fim"},"content":{"rendered":"<p>Kurumlar\u0131n Toplam Kalite yolculuklar\u0131 t\u00fcm payda\u015flar\u0131yla ili\u015fki halinde kalarak s\u00fcrekli geli\u015fimi g\u00f6zetir. Bu yan\u0131yla Toplam Kalite dan\u0131\u015fmanlar\u0131 ile ileti\u015fimcilerin ayn\u0131 ama\u00e7 i\u00e7in \u00e7al\u0131\u015ft\u0131\u011f\u0131 a\u015fik\u00e2rd\u0131r. \u00d6zellikle i\u00e7 ileti\u015fim ve tedarik\u00e7i ili\u015fkilerinde Toplam Kalite \u00e7emberlerine ileti\u015fimcilerin programlar\u0131n\u0131n entegre edilmesi gerekir.<\/p>\n<p>Kriz refleksi eksikli\u011fi genelde Toplam Kalite puanlar\u0131n\u0131n y\u00fcksekli\u011fi ile kurumun k\u00f6rle\u015fmesi sebebiyle olu\u015fur. Bir\u00e7ok krizde, Toplam Kalite Standartlar\u0131na uyuldu\u011fu inanc\u0131 g\u00f6zlemlenir.<\/p>\n<p>E\u011fitim programlar\u0131na Pazarlama \u0130leti\u015fimi ve Marka ile Kriz Refleksi e\u011fitimleri kat\u0131lmas\u0131 kurum \u00e7al\u0131\u015fanlar\u0131n\u0131n bilin\u00e7 d\u00fczeyini art\u0131racakt\u0131r.<\/p>\n","protected":false},"excerpt":{"rendered":"<p>Kurumlar\u0131n Toplam Kalite yolculuklar\u0131 t\u00fcm payda\u015flar\u0131yla ili\u015fki halinde kalarak s\u00fcrekli geli\u015fimi g\u00f6zetir. Bu yan\u0131yla Toplam Kalite dan\u0131\u015fmanlar\u0131 ile ileti\u015fimcilerin ayn\u0131 ama\u00e7 i\u00e7in \u00e7al\u0131\u015ft\u0131\u011f\u0131 a\u015fik\u00e2rd\u0131r. \u00d6zellikle i\u00e7 ileti\u015fim ve tedarik\u00e7i ili\u015fkilerinde &#8230;<\/p>\n","protected":false},"author":3,"featured_media":0,"parent":1542,"menu_order":5,"comment_status":"closed","ping_status":"closed","template":"","meta":{"footnotes":""},"class_list":["post-1635","page","type-page","status-publish","hentry"],"_links":{"self":[{"href":"https:\/\/coracommunication.com\/2\/wp-json\/wp\/v2\/pages\/1635","targetHints":{"allow":["GET"]}}],"collection":[{"href":"https:\/\/coracommunication.com\/2\/wp-json\/wp\/v2\/pages"}],"about":[{"href":"https:\/\/coracommunication.com\/2\/wp-json\/wp\/v2\/types\/page"}],"author":[{"embeddable":true,"href":"https:\/\/coracommunication.com\/2\/wp-json\/wp\/v2\/users\/3"}],"replies":[{"embeddable":true,"href":"https:\/\/coracommunication.com\/2\/wp-json\/wp\/v2\/comments?post=1635"}],"version-history":[{"count":3,"href":"https:\/\/coracommunication.com\/2\/wp-json\/wp\/v2\/pages\/1635\/revisions"}],"predecessor-version":[{"id":1759,"href":"https:\/\/coracommunication.com\/2\/wp-json\/wp\/v2\/pages\/1635\/revisions\/1759"}],"up":[{"embeddable":true,"href":"https:\/\/coracommunication.com\/2\/wp-json\/wp\/v2\/pages\/1542"}],"wp:attachment":[{"href":"https:\/\/coracommunication.com\/2\/wp-json\/wp\/v2\/media?parent=1635"}],"curies":[{"name":"wp","href":"https:\/\/api.w.org\/{rel}","templated":true}]}}