{"id":1633,"date":"2022-06-08T08:20:43","date_gmt":"2022-06-08T08:20:43","guid":{"rendered":"https:\/\/coracommunication.com\/2\/?page_id=1633"},"modified":"2022-06-08T08:20:44","modified_gmt":"2022-06-08T08:20:44","slug":"segmente-iletisim","status":"publish","type":"page","link":"https:\/\/coracommunication.com\/2\/tr\/hakkimizda\/segmente-iletisim\/","title":{"rendered":"Segmente \u0130leti\u015fim"},"content":{"rendered":"\n<p>\u0130leti\u015fim, kurumlar\u0131 i\u015f hedeflerine ula\u015ft\u0131rmak \u00fczere \u00e7al\u0131\u015fmal\u0131d\u0131rlar. Bu a\u00e7\u0131dan bak\u0131nca bir ileti\u015fim program\u0131 sadece t\u00fcketici odakl\u0131 de\u011fil, olumlu alg\u0131s\u0131 ile kurumlar\u0131 i\u015f hedeflerine ula\u015ft\u0131racak kitlenin t\u00fcm\u00fcne seslenmelidir. \u015e\u00fcphesiz, B2C pazarda ya\u015fayan bir kurum i\u00e7in t\u00fcketici en \u00f6nemli payda\u015f say\u0131labilir, ancak yeri geldi\u011finde kamu ili\u015fkileri, yat\u0131r\u0131mc\u0131 ili\u015fkileri, \u00fcretim yapt\u0131\u011f\u0131m\u0131z b\u00f6lgedeki halk ile olan ili\u015fkiler ve hatta \u00e7evre \u00f6rg\u00fctleri ile ili\u015fkiler son derece kritik bir rol oynayabilir.<\/p>\n\n\n\n<p>Bir kurumun ileti\u015fim program\u0131 segmente ve entegre oldu\u011funda sinerjik bir sihir ba\u015flar.<\/p>\n\n\n\n<p><\/p>\n","protected":false},"excerpt":{"rendered":"<p>\u0130leti\u015fim, kurumlar\u0131 i\u015f hedeflerine ula\u015ft\u0131rmak \u00fczere \u00e7al\u0131\u015fmal\u0131d\u0131rlar. Bu a\u00e7\u0131dan bak\u0131nca bir ileti\u015fim program\u0131 sadece t\u00fcketici odakl\u0131 de\u011fil, olumlu alg\u0131s\u0131 ile kurumlar\u0131 i\u015f hedeflerine ula\u015ft\u0131racak kitlenin t\u00fcm\u00fcne seslenmelidir. \u015e\u00fcphesiz, B2C pazarda &#8230;<\/p>\n","protected":false},"author":3,"featured_media":0,"parent":1542,"menu_order":4,"comment_status":"closed","ping_status":"closed","template":"","meta":{"footnotes":""},"class_list":["post-1633","page","type-page","status-publish","hentry"],"_links":{"self":[{"href":"https:\/\/coracommunication.com\/2\/wp-json\/wp\/v2\/pages\/1633","targetHints":{"allow":["GET"]}}],"collection":[{"href":"https:\/\/coracommunication.com\/2\/wp-json\/wp\/v2\/pages"}],"about":[{"href":"https:\/\/coracommunication.com\/2\/wp-json\/wp\/v2\/types\/page"}],"author":[{"embeddable":true,"href":"https:\/\/coracommunication.com\/2\/wp-json\/wp\/v2\/users\/3"}],"replies":[{"embeddable":true,"href":"https:\/\/coracommunication.com\/2\/wp-json\/wp\/v2\/comments?post=1633"}],"version-history":[{"count":1,"href":"https:\/\/coracommunication.com\/2\/wp-json\/wp\/v2\/pages\/1633\/revisions"}],"predecessor-version":[{"id":1634,"href":"https:\/\/coracommunication.com\/2\/wp-json\/wp\/v2\/pages\/1633\/revisions\/1634"}],"up":[{"embeddable":true,"href":"https:\/\/coracommunication.com\/2\/wp-json\/wp\/v2\/pages\/1542"}],"wp:attachment":[{"href":"https:\/\/coracommunication.com\/2\/wp-json\/wp\/v2\/media?parent=1633"}],"curies":[{"name":"wp","href":"https:\/\/api.w.org\/{rel}","templated":true}]}}