{"id":1630,"date":"2022-06-08T08:15:44","date_gmt":"2022-06-08T08:15:44","guid":{"rendered":"https:\/\/coracommunication.com\/2\/?page_id=1630"},"modified":"2022-12-02T10:29:46","modified_gmt":"2022-12-02T10:29:46","slug":"dijital-medya","status":"publish","type":"page","link":"https:\/\/coracommunication.com\/2\/tr\/hakkimizda\/dijital-medya\/","title":{"rendered":"Dijital Medya"},"content":{"rendered":"<p>\u0130leti\u015fim teorisyenlerinin hemfikir oldu\u011fu az say\u0131da konudan bir tanesi, ileti\u015fimin iki y\u00f6nl\u00fc oldu\u011fudur. Kurumlar sosyal payda\u015flar\u0131 ile ili\u015fki i\u00e7indedir. \u00dcr\u00fcnlerinin, kararlar\u0131n\u0131n ileti\u015fimini yaparlar, kar\u015f\u0131l\u0131\u011f\u0131nda kitleler geri bildirimde bulunurlar. Ak\u0131lc\u0131 ileti\u015fim stratejisinde bu geri bildirimleri dikkate almak gerekir.<\/p>\n<p>Dijital medya, a\u00e7\u0131k olundu\u011fu s\u00fcrece, iki y\u00f6nl\u00fc ileti\u015fimin m\u00fckemmel kanal\u0131d\u0131r. Samimi oldu\u011fu s\u00fcrece son derece g\u00fcvenilir bir ili\u015fki tesis edebilirsiniz.<\/p>\n<h2>Dijital medyan\u0131n sonsuz haf\u0131zas\u0131.<\/h2>\n<p>\u0130leti\u015fimi kurulan ba\u015fl\u0131k, \u00e7ok b\u00fcy\u00fck bir ihtimalle sonsuza kadar internetin bir beyine benzeyen sinapslar\u0131n\u0131n aras\u0131nda tutunur. Kurgulad\u0131\u011f\u0131m\u0131z ileti\u015fim ne kadar do\u011fru ise o derece kuvvetli bir yer edinir kendisine.<\/p>\n<h2>Kuantum<\/h2>\n<p>Dijital medya kulvarlar\u0131nda dola\u015fan bilgi ayn\u0131 anda bir\u00e7ok yerde belirebilir. Web sitenizde payla\u015ft\u0131\u011f\u0131n\u0131z bilgi, Facebook sayfalar\u0131nda payla\u015f\u0131l\u0131r, twitter hesaplar\u0131 aras\u0131nda dola\u015fabilir, bir blogda al\u0131nt\u0131lanabilir. haber sitelerinde kendisine yer bulabilir. Bu durumda do\u011fru kurgulanm\u0131\u015f bir mesaj global \u00f6l\u00e7ekte g\u00fcndeme oturabilir. Tersi de do\u011fal olarak m\u00fcmk\u00fcn. Ho\u015funuza gitmeyecek bir bilgi de ayn\u0131 sinapslar\u0131n r\u00fczgar\u0131ndan faydalanarak yay\u0131l\u0131r.<\/p>\n","protected":false},"excerpt":{"rendered":"<p>\u0130leti\u015fim teorisyenlerinin hemfikir oldu\u011fu az say\u0131da konudan bir tanesi, ileti\u015fimin iki y\u00f6nl\u00fc oldu\u011fudur. Kurumlar sosyal payda\u015flar\u0131 ile ili\u015fki i\u00e7indedir. \u00dcr\u00fcnlerinin, kararlar\u0131n\u0131n ileti\u015fimini yaparlar, kar\u015f\u0131l\u0131\u011f\u0131nda kitleler geri bildirimde bulunurlar. Ak\u0131lc\u0131 ileti\u015fim &#8230;<\/p>\n","protected":false},"author":3,"featured_media":0,"parent":1542,"menu_order":4,"comment_status":"closed","ping_status":"closed","template":"","meta":{"footnotes":""},"class_list":["post-1630","page","type-page","status-publish","hentry"],"_links":{"self":[{"href":"https:\/\/coracommunication.com\/2\/wp-json\/wp\/v2\/pages\/1630","targetHints":{"allow":["GET"]}}],"collection":[{"href":"https:\/\/coracommunication.com\/2\/wp-json\/wp\/v2\/pages"}],"about":[{"href":"https:\/\/coracommunication.com\/2\/wp-json\/wp\/v2\/types\/page"}],"author":[{"embeddable":true,"href":"https:\/\/coracommunication.com\/2\/wp-json\/wp\/v2\/users\/3"}],"replies":[{"embeddable":true,"href":"https:\/\/coracommunication.com\/2\/wp-json\/wp\/v2\/comments?post=1630"}],"version-history":[{"count":2,"href":"https:\/\/coracommunication.com\/2\/wp-json\/wp\/v2\/pages\/1630\/revisions"}],"predecessor-version":[{"id":1761,"href":"https:\/\/coracommunication.com\/2\/wp-json\/wp\/v2\/pages\/1630\/revisions\/1761"}],"up":[{"embeddable":true,"href":"https:\/\/coracommunication.com\/2\/wp-json\/wp\/v2\/pages\/1542"}],"wp:attachment":[{"href":"https:\/\/coracommunication.com\/2\/wp-json\/wp\/v2\/media?parent=1630"}],"curies":[{"name":"wp","href":"https:\/\/api.w.org\/{rel}","templated":true}]}}