{"id":1600,"date":"2013-11-15T05:18:20","date_gmt":"2013-11-15T10:18:20","guid":{"rendered":"http:\/\/www.coracommunication.com\/?page_id=26"},"modified":"2022-06-08T07:48:16","modified_gmt":"2022-06-08T07:48:16","slug":"ic-iletisim","status":"publish","type":"page","link":"https:\/\/coracommunication.com\/2\/tr\/yetkinlikler\/ic-iletisim\/","title":{"rendered":"\u0130\u00e7 \u0130leti\u015fim"},"content":{"rendered":"<p>Kurum \u00e7al\u0131\u015fanlar\u0131n\u0131z i\u00e7in tespit etti\u011finiz performans kriterleri (KPI) ger\u00e7ekten yeterli mi?<\/p>\n<p>G\u00fcn\u00fcm\u00fczde, i\u015f hedeflerimize ula\u015fmak i\u00e7in, \u00e7al\u0131\u015fanlar\u0131m\u0131za iletti\u011fimiz performans g\u00f6stergeleri yetersiz kalmaktad\u0131r. Onlardan beklentimizi say\u0131sal g\u00f6stergelere bile ba\u011flasak, \u201cbeklentimizin \u00fcst\u00fcnde\u201d hareket etmelerini sa\u011flayacak ba\u011flay\u0131c\u0131 programlara ihtiya\u00e7 duyulmaktad\u0131r.<\/p>\n<p>Cora Communications\u2019da, \u00e7al\u0131\u015fanlar\u0131n\u0131z\u0131n kurum kimli\u011fine uyumlu, olas\u0131 i\u015f f\u0131rsatlar\u0131n\u0131 kendi arzular\u0131 ile dikkate almalar\u0131n\u0131 g\u00f6zeten ba\u011fl\u0131l\u0131k programlar\u0131 \u00fcretiyoruz.<\/p>\n","protected":false},"excerpt":{"rendered":"<p>Kurum \u00e7al\u0131\u015fanlar\u0131n\u0131z i\u00e7in tespit etti\u011finiz performans kriterleri (KPI) ger\u00e7ekten yeterli mi? G\u00fcn\u00fcm\u00fczde, i\u015f hedeflerimize ula\u015fmak i\u00e7in, \u00e7al\u0131\u015fanlar\u0131m\u0131za iletti\u011fimiz performans g\u00f6stergeleri yetersiz kalmaktad\u0131r. Onlardan beklentimizi say\u0131sal g\u00f6stergelere bile ba\u011flasak, \u201cbeklentimizin \u00fcst\u00fcnde\u201d &#8230;<\/p>\n","protected":false},"author":1,"featured_media":0,"parent":1593,"menu_order":5,"comment_status":"closed","ping_status":"closed","template":"","meta":{"footnotes":""},"class_list":["post-1600","page","type-page","status-publish","hentry"],"_links":{"self":[{"href":"https:\/\/coracommunication.com\/2\/wp-json\/wp\/v2\/pages\/1600","targetHints":{"allow":["GET"]}}],"collection":[{"href":"https:\/\/coracommunication.com\/2\/wp-json\/wp\/v2\/pages"}],"about":[{"href":"https:\/\/coracommunication.com\/2\/wp-json\/wp\/v2\/types\/page"}],"author":[{"embeddable":true,"href":"https:\/\/coracommunication.com\/2\/wp-json\/wp\/v2\/users\/1"}],"replies":[{"embeddable":true,"href":"https:\/\/coracommunication.com\/2\/wp-json\/wp\/v2\/comments?post=1600"}],"version-history":[{"count":2,"href":"https:\/\/coracommunication.com\/2\/wp-json\/wp\/v2\/pages\/1600\/revisions"}],"predecessor-version":[{"id":1607,"href":"https:\/\/coracommunication.com\/2\/wp-json\/wp\/v2\/pages\/1600\/revisions\/1607"}],"up":[{"embeddable":true,"href":"https:\/\/coracommunication.com\/2\/wp-json\/wp\/v2\/pages\/1593"}],"wp:attachment":[{"href":"https:\/\/coracommunication.com\/2\/wp-json\/wp\/v2\/media?parent=1600"}],"curies":[{"name":"wp","href":"https:\/\/api.w.org\/{rel}","templated":true}]}}