{"id":1599,"date":"2013-11-15T05:18:00","date_gmt":"2013-11-15T10:18:00","guid":{"rendered":"http:\/\/www.coracommunication.com\/?page_id=24"},"modified":"2022-06-08T07:49:16","modified_gmt":"2022-06-08T07:49:16","slug":"gundem-yonetimi","status":"publish","type":"page","link":"https:\/\/coracommunication.com\/2\/tr\/yetkinlikler\/gundem-yonetimi\/","title":{"rendered":"G\u00fcndem ve Kriz Y\u00f6netimi"},"content":{"rendered":"<p>Bir g\u00fcndem, kurumunuz i\u00e7in bir f\u0131rsat da olabilir kriz de..<\/p>\n<p>Cora Communications olarak, kurumunuzun itibar\u0131n\u0131 olu\u015fturan yap\u0131 ta\u015flar\u0131n\u0131 tespit ediyoruz. \u0130\u00e7inde bulundu\u011funuz sekt\u00f6r\u00fcn, ileti\u015fim kurdu\u011funuz kitlelerin sosyal de\u011ferlerine y\u00f6nelik dikkat etmemiz gereken ba\u015fl\u0131klar\u0131 tespit ediyoruz. Olas\u0131 krizleri ve ileti\u015fim f\u0131rsatlar\u0131n\u0131 dikkatle takip ediyoruz.<\/p>\n<p>Bir \u00e7ok ileti\u015fim krizini tetikleyen unsur, kurumlar\u0131n kriz refleksinin yoksunlu\u011fundan kaynaklan\u0131r. \u0130\u015fin do\u011frusu, \u00e7al\u0131\u015fanlar, s\u00f6yledikleri her c\u00fcmle ya da davran\u0131\u015f ile kurumu temsil ettiklerini yeterince fark\u0131nda olmayabilirler.<\/p>\n","protected":false},"excerpt":{"rendered":"<p>Bir g\u00fcndem, kurumunuz i\u00e7in bir f\u0131rsat da olabilir kriz de.. Cora Communications olarak, kurumunuzun itibar\u0131n\u0131 olu\u015fturan yap\u0131 ta\u015flar\u0131n\u0131 tespit ediyoruz. \u0130\u00e7inde bulundu\u011funuz sekt\u00f6r\u00fcn, ileti\u015fim kurdu\u011funuz kitlelerin sosyal de\u011ferlerine y\u00f6nelik dikkat &#8230;<\/p>\n","protected":false},"author":1,"featured_media":0,"parent":1593,"menu_order":10,"comment_status":"closed","ping_status":"closed","template":"","meta":{"footnotes":""},"class_list":["post-1599","page","type-page","status-publish","hentry"],"_links":{"self":[{"href":"https:\/\/coracommunication.com\/2\/wp-json\/wp\/v2\/pages\/1599","targetHints":{"allow":["GET"]}}],"collection":[{"href":"https:\/\/coracommunication.com\/2\/wp-json\/wp\/v2\/pages"}],"about":[{"href":"https:\/\/coracommunication.com\/2\/wp-json\/wp\/v2\/types\/page"}],"author":[{"embeddable":true,"href":"https:\/\/coracommunication.com\/2\/wp-json\/wp\/v2\/users\/1"}],"replies":[{"embeddable":true,"href":"https:\/\/coracommunication.com\/2\/wp-json\/wp\/v2\/comments?post=1599"}],"version-history":[{"count":1,"href":"https:\/\/coracommunication.com\/2\/wp-json\/wp\/v2\/pages\/1599\/revisions"}],"predecessor-version":[{"id":1609,"href":"https:\/\/coracommunication.com\/2\/wp-json\/wp\/v2\/pages\/1599\/revisions\/1609"}],"up":[{"embeddable":true,"href":"https:\/\/coracommunication.com\/2\/wp-json\/wp\/v2\/pages\/1593"}],"wp:attachment":[{"href":"https:\/\/coracommunication.com\/2\/wp-json\/wp\/v2\/media?parent=1599"}],"curies":[{"name":"wp","href":"https:\/\/api.w.org\/{rel}","templated":true}]}}