{"id":1598,"date":"2013-11-15T05:17:20","date_gmt":"2013-11-15T10:17:20","guid":{"rendered":"http:\/\/www.coracommunication.com\/?page_id=20"},"modified":"2022-06-08T07:50:58","modified_gmt":"2022-06-08T07:50:58","slug":"kurumsal-iletisim-planlamasi-ve-yonetimi","status":"publish","type":"page","link":"https:\/\/coracommunication.com\/2\/tr\/yetkinlikler\/kurumsal-iletisim-planlamasi-ve-yonetimi\/","title":{"rendered":"Kurumsal \u0130leti\u015fim Planlamas\u0131 ve Y\u00f6netimi"},"content":{"rendered":"<p>Cora Communications olarak kurumunuz i\u00e7in bir \u201cBa\u011fl\u0131l\u0131k Ajans\u0131\u201d olarak hareket ediyoruz. \u0130\u015f hedefleri do\u011frultusunda kurumsal de\u011ferlerinizi ortaya \u00e7\u0131kart\u0131yor, konumlanman\u0131z\u0131n belirlenmesine yard\u0131mc\u0131 oluyoruz. Bu ba\u011flamda, itibar\u0131n\u0131 olu\u015fturdu\u011fu ki\u015fi ve kitleleri tarif ediyor, \u00fc\u00e7 boyutlu b\u00fct\u00fcnsel ileti\u015fim program\u0131n\u0131 size sunuyor ve y\u00f6netiyoruz.<\/p>\n","protected":false},"excerpt":{"rendered":"<p>Cora Communications olarak kurumunuz i\u00e7in bir \u201cBa\u011fl\u0131l\u0131k Ajans\u0131\u201d olarak hareket ediyoruz. \u0130\u015f hedefleri do\u011frultusunda kurumsal de\u011ferlerinizi ortaya \u00e7\u0131kart\u0131yor, konumlanman\u0131z\u0131n belirlenmesine yard\u0131mc\u0131 oluyoruz. Bu ba\u011flamda, itibar\u0131n\u0131 olu\u015fturdu\u011fu ki\u015fi ve kitleleri tarif &#8230;<\/p>\n","protected":false},"author":1,"featured_media":0,"parent":1593,"menu_order":2,"comment_status":"closed","ping_status":"closed","template":"","meta":{"footnotes":""},"class_list":["post-1598","page","type-page","status-publish","hentry"],"_links":{"self":[{"href":"https:\/\/coracommunication.com\/2\/wp-json\/wp\/v2\/pages\/1598","targetHints":{"allow":["GET"]}}],"collection":[{"href":"https:\/\/coracommunication.com\/2\/wp-json\/wp\/v2\/pages"}],"about":[{"href":"https:\/\/coracommunication.com\/2\/wp-json\/wp\/v2\/types\/page"}],"author":[{"embeddable":true,"href":"https:\/\/coracommunication.com\/2\/wp-json\/wp\/v2\/users\/1"}],"replies":[{"embeddable":true,"href":"https:\/\/coracommunication.com\/2\/wp-json\/wp\/v2\/comments?post=1598"}],"version-history":[{"count":1,"href":"https:\/\/coracommunication.com\/2\/wp-json\/wp\/v2\/pages\/1598\/revisions"}],"predecessor-version":[{"id":1603,"href":"https:\/\/coracommunication.com\/2\/wp-json\/wp\/v2\/pages\/1598\/revisions\/1603"}],"up":[{"embeddable":true,"href":"https:\/\/coracommunication.com\/2\/wp-json\/wp\/v2\/pages\/1593"}],"wp:attachment":[{"href":"https:\/\/coracommunication.com\/2\/wp-json\/wp\/v2\/media?parent=1598"}],"curies":[{"name":"wp","href":"https:\/\/api.w.org\/{rel}","templated":true}]}}