{"id":1597,"date":"2013-11-15T04:35:41","date_gmt":"2013-11-15T09:35:41","guid":{"rendered":"http:\/\/www.coracommunication.com\/?page_id=14"},"modified":"2022-09-09T09:04:35","modified_gmt":"2022-09-09T09:04:35","slug":"iletisim","status":"publish","type":"page","link":"https:\/\/coracommunication.com\/2\/tr\/iletisim\/","title":{"rendered":"\u0130leti\u015fim"},"content":{"rendered":"<p>Hizmetlerimiz ile ilgileniyorsan\u0131z l\u00fctfen Kamuran C. G\u00fclcen ile a\u015fa\u011f\u0131da yer alan ileti\u015fim detaylar\u0131n\u0131 kullanarak temasa ge\u00e7iniz:<\/p>\n<p>Email: <strong>kamuran.gulcen@coracommunications.com <\/strong><\/p>\n<p>Cell:<strong> +90 533 540 25 64<\/strong><\/p>\n<p>\u015eirketimiz Ka\u011f\u0131thane\u2019de kolayl\u0131kla ula\u015f\u0131labilir bir merkezdedir. Toplu ta\u015f\u0131ma ile ula\u015fmak istiyorsan\u0131z Bilgi \u00dcniversitesi Santral \u0130stanbul&#8217;a gelen t\u00fcm ara\u00e7lar uygundur. Ara\u00e7 ile geliyorsan\u0131z TEM&#8217;den Okmeydan\u0131 \u00e7\u0131k\u0131\u015f\u0131n\u0131 se\u00e7iniz, Ka\u011f\u0131thane S\u00fctl\u00fcce \u00e7\u0131k\u0131\u015f\u0131ndan \u00e7\u0131k\u0131n\u0131z, kav\u015fa\u011fa geldi\u011finizde tam kar\u015f\u0131n\u0131za denk geliyoruz. Aytemiz Petrol&#8217;\u00fcn yan\u0131ndaki merdivenlerden bze ula\u015fabilirsiniz.<\/p>\n<p style=\"text-align: center;\"><strong>Cora Communications<\/strong> <strong> Tel: +90 (212) 210 19 35<\/strong> <strong> Mehmet Akif Ersoy Mahallesi Ferda Sokak No:1-B <\/strong> <strong> Ka\u011f\u0131thane \u0130stanbul 34400 <\/strong><\/p>\n<p><iframe src=\"https:\/\/www.google.com\/maps\/embed?pb=!1m18!1m12!1m3!1d3008.293760993875!2d28.948872314205907!3d41.06257097929524!2m3!1f0!2f0!3f0!3m2!1i1024!2i768!4f13.1!3m3!1m2!1s0x14cab0cc99889495%3A0x58c3dad596ad26ce!2sCora%20Communications!5e0!3m2!1sen!2str!4v1662714220279!5m2!1sen!2str\" style=\"border:0;\" allowfullscreen=\"\" loading=\"lazy\" referrerpolicy=\"no-referrer-when-downgrade\" width=\"600\" height=\"450\"><\/iframe><\/p>\n","protected":false},"excerpt":{"rendered":"<p>Hizmetlerimiz ile ilgileniyorsan\u0131z l\u00fctfen Kamuran C. G\u00fclcen ile a\u015fa\u011f\u0131da yer alan ileti\u015fim detaylar\u0131n\u0131 kullanarak temasa ge\u00e7iniz: Email: kamuran.gulcen@coracommunications.com Cell: +90 533 540 25 64 \u015eirketimiz Ka\u011f\u0131thane\u2019de kolayl\u0131kla ula\u015f\u0131labilir bir merkezdedir. &#8230;<\/p>\n","protected":false},"author":1,"featured_media":0,"parent":0,"menu_order":99,"comment_status":"closed","ping_status":"closed","template":"","meta":{"footnotes":""},"class_list":["post-1597","page","type-page","status-publish","hentry"],"_links":{"self":[{"href":"https:\/\/coracommunication.com\/2\/wp-json\/wp\/v2\/pages\/1597","targetHints":{"allow":["GET"]}}],"collection":[{"href":"https:\/\/coracommunication.com\/2\/wp-json\/wp\/v2\/pages"}],"about":[{"href":"https:\/\/coracommunication.com\/2\/wp-json\/wp\/v2\/types\/page"}],"author":[{"embeddable":true,"href":"https:\/\/coracommunication.com\/2\/wp-json\/wp\/v2\/users\/1"}],"replies":[{"embeddable":true,"href":"https:\/\/coracommunication.com\/2\/wp-json\/wp\/v2\/comments?post=1597"}],"version-history":[{"count":2,"href":"https:\/\/coracommunication.com\/2\/wp-json\/wp\/v2\/pages\/1597\/revisions"}],"predecessor-version":[{"id":1711,"href":"https:\/\/coracommunication.com\/2\/wp-json\/wp\/v2\/pages\/1597\/revisions\/1711"}],"wp:attachment":[{"href":"https:\/\/coracommunication.com\/2\/wp-json\/wp\/v2\/media?parent=1597"}],"curies":[{"name":"wp","href":"https:\/\/api.w.org\/{rel}","templated":true}]}}