{"id":1587,"date":"2022-04-28T15:46:28","date_gmt":"2022-04-28T15:46:28","guid":{"rendered":"https:\/\/coracommunication.com\/2\/?page_id=1587"},"modified":"2022-04-28T15:46:29","modified_gmt":"2022-04-28T15:46:29","slug":"dijital-iletisim","status":"publish","type":"page","link":"https:\/\/coracommunication.com\/2\/tr\/dijital-iletisim\/","title":{"rendered":"Dijital \u0130leti\u015fim"},"content":{"rendered":"\n<p>\u0130leti\u015fim kanallar\u0131 i\u00e7inde dijital mecralar gittik\u00e7e artan bi\u00e7imde \u00f6ne \u00e7\u0131k\u0131yor.<\/p>\n\n\n\n<p>\u0130leti\u015fim b\u00fct\u00fcnl\u00fc\u011f\u00fcn\u00fc g\u00f6zeterek haz\u0131rlad\u0131\u011f\u0131m\u0131z programlarda mesaj\u0131n\u0131z\u0131 do\u011frudan iletmek ve hedefledi\u011fimiz alg\u0131y\u0131 olu\u015fturmak \u00fczere kapsaml\u0131 dijital mecra planlamas\u0131 ve y\u00f6netimini hayata ge\u00e7iriyoruz.<\/p>\n\n\n\n<p>Detayl\u0131 bir \u00f6l\u00e7\u00fcm\/takip modeliyle gerekti\u011finde anl\u0131k kurumsal refleksinizi yans\u0131t\u0131yoruz.<\/p>\n","protected":false},"excerpt":{"rendered":"<p>\u0130leti\u015fim kanallar\u0131 i\u00e7inde dijital mecralar gittik\u00e7e artan bi\u00e7imde \u00f6ne \u00e7\u0131k\u0131yor. \u0130leti\u015fim b\u00fct\u00fcnl\u00fc\u011f\u00fcn\u00fc g\u00f6zeterek haz\u0131rlad\u0131\u011f\u0131m\u0131z programlarda mesaj\u0131n\u0131z\u0131 do\u011frudan iletmek ve hedefledi\u011fimiz alg\u0131y\u0131 olu\u015fturmak \u00fczere kapsaml\u0131 dijital mecra planlamas\u0131 ve y\u00f6netimini hayata &#8230;<\/p>\n","protected":false},"author":3,"featured_media":0,"parent":0,"menu_order":0,"comment_status":"closed","ping_status":"closed","template":"","meta":{"footnotes":""},"class_list":["post-1587","page","type-page","status-publish","hentry"],"_links":{"self":[{"href":"https:\/\/coracommunication.com\/2\/wp-json\/wp\/v2\/pages\/1587","targetHints":{"allow":["GET"]}}],"collection":[{"href":"https:\/\/coracommunication.com\/2\/wp-json\/wp\/v2\/pages"}],"about":[{"href":"https:\/\/coracommunication.com\/2\/wp-json\/wp\/v2\/types\/page"}],"author":[{"embeddable":true,"href":"https:\/\/coracommunication.com\/2\/wp-json\/wp\/v2\/users\/3"}],"replies":[{"embeddable":true,"href":"https:\/\/coracommunication.com\/2\/wp-json\/wp\/v2\/comments?post=1587"}],"version-history":[{"count":1,"href":"https:\/\/coracommunication.com\/2\/wp-json\/wp\/v2\/pages\/1587\/revisions"}],"predecessor-version":[{"id":1588,"href":"https:\/\/coracommunication.com\/2\/wp-json\/wp\/v2\/pages\/1587\/revisions\/1588"}],"wp:attachment":[{"href":"https:\/\/coracommunication.com\/2\/wp-json\/wp\/v2\/media?parent=1587"}],"curies":[{"name":"wp","href":"https:\/\/api.w.org\/{rel}","templated":true}]}}