{"id":1546,"date":"2022-04-28T15:00:41","date_gmt":"2022-04-28T15:00:41","guid":{"rendered":"https:\/\/coracommunication.com\/2\/?page_id=1546"},"modified":"2022-12-02T10:04:03","modified_gmt":"2022-12-02T10:04:03","slug":"cora-iletisim-felsefesi","status":"publish","type":"page","link":"https:\/\/coracommunication.com\/2\/tr\/hakkimizda\/cora-iletisim-felsefesi\/","title":{"rendered":"Cora \u0130leti\u015fim Felsefesi"},"content":{"rendered":"\n<p>\u0130leti\u015fim d\u00fcnyas\u0131n\u0131n ya\u015fad\u0131\u011f\u0131 s\u00fcre\u00e7ler, asl\u0131nda kurumlar\u0131nkinden pek de farkl\u0131 de\u011fil. \u00dcr\u00fcnlerimizin \u201ciyi\u201d olmas\u0131n\u0131n genelde yeterli oldu\u011fu g\u00fcnlerden marka el\u00e7ili\u011fini hedeflememize kadar bir\u00e7ok a\u015famadan ge\u00e7tik. Entegre Pazarlama ileti\u015fimi ile birlikte genelde reklamc\u0131lardan duydu\u011fumuz 360 derece ileti\u015fim programlar\u0131 duymaya ba\u015flad\u0131k.<\/p>\n\n\n\n<p>Cora Communications\u2019da dile getirdi\u011fimiz ileti\u015fim modeli biraz farkl\u0131.<\/p>\n\n\n\n<p>M\u00fc\u015fterilerimizin i\u015f ve pazarlama hedeflerine ula\u015fmalar\u0131n\u0131 sa\u011flamak \u00fczere olumlu alg\u0131s\u0131na ihtiya\u00e7 duydu\u011fumuz ki\u015fi ve kitleleri yine hedefledi\u011fimiz alg\u0131y\u0131 tarif ederek ortaya \u00e7\u0131kart\u0131yoruz. Bu ki\u015fi ve kitlelerin halihaz\u0131rdaki alg\u0131s\u0131n\u0131, itibar ettikleri ileti\u015fim kaynaklar\u0131n\u0131 \u00e7e\u015fitli ara\u015ft\u0131rma modelleriyle bulmaya \u00e7al\u0131\u015f\u0131yoruz. Akabinde, \u00fc\u00e7 boyutlu b\u00fct\u00fcnsel bir plan olu\u015fturuyoruz. Tecr\u00fcbeli ekibimiz ile bu plan\u0131 hayata ge\u00e7iriyoruz, i\u015f hedeflerinize uyumunu \u00f6l\u00e7\u00fcml\u00fcyoruz, plan\u0131m\u0131z\u0131n eksiklerini tespit edip s\u00fcrekli g\u00fcncelliyoruz.<\/p>\n","protected":false},"excerpt":{"rendered":"<p>\u0130leti\u015fim d\u00fcnyas\u0131n\u0131n ya\u015fad\u0131\u011f\u0131 s\u00fcre\u00e7ler, asl\u0131nda kurumlar\u0131nkinden pek de farkl\u0131 de\u011fil. \u00dcr\u00fcnlerimizin \u201ciyi\u201d olmas\u0131n\u0131n genelde yeterli oldu\u011fu g\u00fcnlerden marka el\u00e7ili\u011fini hedeflememize kadar bir\u00e7ok a\u015famadan ge\u00e7tik. Entegre Pazarlama ileti\u015fimi ile birlikte genelde &#8230;<\/p>\n","protected":false},"author":3,"featured_media":0,"parent":1542,"menu_order":0,"comment_status":"closed","ping_status":"closed","template":"","meta":{"footnotes":""},"class_list":["post-1546","page","type-page","status-publish","hentry"],"_links":{"self":[{"href":"https:\/\/coracommunication.com\/2\/wp-json\/wp\/v2\/pages\/1546","targetHints":{"allow":["GET"]}}],"collection":[{"href":"https:\/\/coracommunication.com\/2\/wp-json\/wp\/v2\/pages"}],"about":[{"href":"https:\/\/coracommunication.com\/2\/wp-json\/wp\/v2\/types\/page"}],"author":[{"embeddable":true,"href":"https:\/\/coracommunication.com\/2\/wp-json\/wp\/v2\/users\/3"}],"replies":[{"embeddable":true,"href":"https:\/\/coracommunication.com\/2\/wp-json\/wp\/v2\/comments?post=1546"}],"version-history":[{"count":2,"href":"https:\/\/coracommunication.com\/2\/wp-json\/wp\/v2\/pages\/1546\/revisions"}],"predecessor-version":[{"id":1755,"href":"https:\/\/coracommunication.com\/2\/wp-json\/wp\/v2\/pages\/1546\/revisions\/1755"}],"up":[{"embeddable":true,"href":"https:\/\/coracommunication.com\/2\/wp-json\/wp\/v2\/pages\/1542"}],"wp:attachment":[{"href":"https:\/\/coracommunication.com\/2\/wp-json\/wp\/v2\/media?parent=1546"}],"curies":[{"name":"wp","href":"https:\/\/api.w.org\/{rel}","templated":true}]}}